{"id":21,"date":"2023-04-17T14:42:44","date_gmt":"2023-04-17T12:42:44","guid":{"rendered":"http:\/\/elms.sk\/?page_id=21"},"modified":"2023-07-27T14:29:32","modified_gmt":"2023-07-27T12:29:32","slug":"vyroba-rozvadzacov","status":"publish","type":"page","link":"https:\/\/elms.sk\/en\/vyroba-rozvadzacov\/","title":{"rendered":"Switchboard production"},"content":{"rendered":"<div class=\"wp-block-group is-layout-constrained wp-block-group-is-layout-constrained\">\n<div class=\"wp-block-group is-vertical is-content-justification-left is-layout-flex wp-container-core-group-is-layout-80e9987e wp-block-group-is-layout-flex\" style=\"padding-top:var(--wp--preset--spacing--50);padding-right:var(--wp--preset--spacing--50);padding-bottom:var(--wp--preset--spacing--50);padding-left:var(--wp--preset--spacing--50)\">\n<p class=\"has-text-align-left\">One of our main focuses is the production of LV switchboards. We offer custom production of the following groups of switchboards:<\/p>\n\n\n\n<ul class=\"wp-block-list\" style=\"margin-top:var(--wp--preset--spacing--30);margin-right:var(--wp--preset--spacing--30);margin-bottom:var(--wp--preset--spacing--30);margin-left:var(--wp--preset--spacing--30)\">\n<li>power low-voltage industrial switchboards<\/li>\n\n\n\n<li>electric meter switchboards<\/li>\n\n\n\n<li>residential and domestic switchboards<\/li>\n\n\n\n<li>switchboards for business units, business centers<\/li>\n\n\n\n<li>industrial power switchboards<\/li>\n\n\n\n<li>photovoltaic AC and DC switchboards<\/li>\n\n\n\n<li>construction site switchboards<\/li>\n\n\n\n<li>switchboards for intelligent installation \/Niko home control, Loxone\/<\/li>\n\n\n\n<li>design switchboards for open spaces<\/li>\n\n\n\n<li>drawer cabinets and covered busbar distribution<\/li>\n<\/ul>\n\n\n\n<p class=\"has-text-align-left\">For the production of switchboards, we use only high-quality and time-proven components from companies such as Legrand, Schrack, Eaton, Eti, Dehn, OEZ.<\/p>\n\n\n\n<p class=\"has-text-align-left\">Each sold switchboard includes technical documentation, piece test report, EC declaration of conformity, instructions for operation and maintenance of the switchboard. Our services do not end with the sale of the switchboard, we offer:<\/p>\n\n\n\n<ul class=\"wp-block-list\" style=\"margin-top:var(--wp--preset--spacing--30);margin-right:var(--wp--preset--spacing--30);margin-bottom:var(--wp--preset--spacing--30);margin-left:var(--wp--preset--spacing--30)\">\n<li>design of project documentation<\/li>\n\n\n\n<li>connection of the switchboard at the installation site, commissioning<\/li>\n\n\n\n<li>revisions, service and guidance<\/li>\n<\/ul>\n<\/div>\n<\/div>\n\n\n\n<figure class=\"wp-block-gallery has-nested-images columns-default is-cropped wp-block-gallery-1 is-layout-flex wp-block-gallery-is-layout-flex\">\n<figure class=\"wp-block-image size-large\"><a href=\"https:\/\/elms.sk\/wp-content\/uploads\/2023\/04\/Nanokon-scaled.jpg\"><img loading=\"lazy\" decoding=\"async\" width=\"768\" height=\"1024\" data-id=\"307\" src=\"https:\/\/elms.sk\/wp-content\/uploads\/2023\/04\/Nanokon-768x1024.jpg\" alt=\"\" class=\"wp-image-307\" srcset=\"https:\/\/elms.sk\/wp-content\/uploads\/2023\/04\/Nanokon-768x1024.jpg 768w, https:\/\/elms.sk\/wp-content\/uploads\/2023\/04\/Nanokon-225x300.jpg 225w, https:\/\/elms.sk\/wp-content\/uploads\/2023\/04\/Nanokon-1152x1536.jpg 1152w, https:\/\/elms.sk\/wp-content\/uploads\/2023\/04\/Nanokon-1536x2048.jpg 1536w, https:\/\/elms.sk\/wp-content\/uploads\/2023\/04\/Nanokon-9x12.jpg 9w, https:\/\/elms.sk\/wp-content\/uploads\/2023\/04\/Nanokon-scaled.jpg 1920w\" sizes=\"auto, (max-width: 768px) 100vw, 768px\" \/><\/a><\/figure>\n\n\n\n<figure class=\"wp-block-image size-large\"><a href=\"https:\/\/elms.sk\/wp-content\/uploads\/2023\/04\/SumavskaB-scaled.jpg\"><img loading=\"lazy\" decoding=\"async\" width=\"768\" height=\"1024\" data-id=\"308\" src=\"https:\/\/elms.sk\/wp-content\/uploads\/2023\/04\/SumavskaB-768x1024.jpg\" alt=\"\" class=\"wp-image-308\" srcset=\"https:\/\/elms.sk\/wp-content\/uploads\/2023\/04\/SumavskaB-768x1024.jpg 768w, https:\/\/elms.sk\/wp-content\/uploads\/2023\/04\/SumavskaB-225x300.jpg 225w, https:\/\/elms.sk\/wp-content\/uploads\/2023\/04\/SumavskaB-1152x1536.jpg 1152w, https:\/\/elms.sk\/wp-content\/uploads\/2023\/04\/SumavskaB-1536x2048.jpg 1536w, https:\/\/elms.sk\/wp-content\/uploads\/2023\/04\/SumavskaB-9x12.jpg 9w, https:\/\/elms.sk\/wp-content\/uploads\/2023\/04\/SumavskaB-scaled.jpg 1920w\" sizes=\"auto, (max-width: 768px) 100vw, 768px\" \/><\/a><\/figure>\n\n\n\n<figure class=\"wp-block-image size-large\"><a href=\"https:\/\/elms.sk\/wp-content\/uploads\/2023\/04\/ELMS4-scaled.jpg\"><img loading=\"lazy\" decoding=\"async\" width=\"485\" height=\"1024\" data-id=\"305\" src=\"https:\/\/elms.sk\/wp-content\/uploads\/2023\/04\/ELMS4-485x1024.jpg\" alt=\"\" class=\"wp-image-305\" srcset=\"https:\/\/elms.sk\/wp-content\/uploads\/2023\/04\/ELMS4-485x1024.jpg 485w, https:\/\/elms.sk\/wp-content\/uploads\/2023\/04\/ELMS4-142x300.jpg 142w, https:\/\/elms.sk\/wp-content\/uploads\/2023\/04\/ELMS4-768x1623.jpg 768w, https:\/\/elms.sk\/wp-content\/uploads\/2023\/04\/ELMS4-727x1536.jpg 727w, https:\/\/elms.sk\/wp-content\/uploads\/2023\/04\/ELMS4-969x2048.jpg 969w, https:\/\/elms.sk\/wp-content\/uploads\/2023\/04\/ELMS4-6x12.jpg 6w, https:\/\/elms.sk\/wp-content\/uploads\/2023\/04\/ELMS4-scaled.jpg 1211w\" sizes=\"auto, (max-width: 485px) 100vw, 485px\" \/><\/a><\/figure>\n\n\n\n<figure class=\"wp-block-image size-large\"><a href=\"https:\/\/elms.sk\/wp-content\/uploads\/2023\/04\/DEK-scaled.jpg\"><img loading=\"lazy\" decoding=\"async\" width=\"768\" height=\"1024\" data-id=\"309\" src=\"https:\/\/elms.sk\/wp-content\/uploads\/2023\/04\/DEK-768x1024.jpg\" alt=\"\" class=\"wp-image-309\" srcset=\"https:\/\/elms.sk\/wp-content\/uploads\/2023\/04\/DEK-768x1024.jpg 768w, https:\/\/elms.sk\/wp-content\/uploads\/2023\/04\/DEK-225x300.jpg 225w, https:\/\/elms.sk\/wp-content\/uploads\/2023\/04\/DEK-1152x1536.jpg 1152w, https:\/\/elms.sk\/wp-content\/uploads\/2023\/04\/DEK-1536x2048.jpg 1536w, https:\/\/elms.sk\/wp-content\/uploads\/2023\/04\/DEK-9x12.jpg 9w, https:\/\/elms.sk\/wp-content\/uploads\/2023\/04\/DEK-scaled.jpg 1920w\" sizes=\"auto, (max-width: 768px) 100vw, 768px\" \/><\/a><\/figure>\n\n\n\n<figure class=\"wp-block-image size-large\"><a href=\"https:\/\/elms.sk\/wp-content\/uploads\/2023\/04\/ActionshopMI-scaled.jpg\"><img loading=\"lazy\" decoding=\"async\" width=\"485\" height=\"1024\" data-id=\"306\" src=\"https:\/\/elms.sk\/wp-content\/uploads\/2023\/04\/ActionshopMI-485x1024.jpg\" alt=\"\" class=\"wp-image-306\" srcset=\"https:\/\/elms.sk\/wp-content\/uploads\/2023\/04\/ActionshopMI-485x1024.jpg 485w, https:\/\/elms.sk\/wp-content\/uploads\/2023\/04\/ActionshopMI-142x300.jpg 142w, https:\/\/elms.sk\/wp-content\/uploads\/2023\/04\/ActionshopMI-768x1623.jpg 768w, https:\/\/elms.sk\/wp-content\/uploads\/2023\/04\/ActionshopMI-727x1536.jpg 727w, https:\/\/elms.sk\/wp-content\/uploads\/2023\/04\/ActionshopMI-969x2048.jpg 969w, https:\/\/elms.sk\/wp-content\/uploads\/2023\/04\/ActionshopMI-6x12.jpg 6w, https:\/\/elms.sk\/wp-content\/uploads\/2023\/04\/ActionshopMI-scaled.jpg 1211w\" sizes=\"auto, (max-width: 485px) 100vw, 485px\" \/><\/a><\/figure>\n\n\n\n<figure class=\"wp-block-image size-large\"><a href=\"https:\/\/elms.sk\/wp-content\/uploads\/2023\/04\/5f0d0fe7-3741-4055-ad3c-8565f6fb2613.jpg\"><img loading=\"lazy\" decoding=\"async\" width=\"769\" height=\"1024\" data-id=\"304\" src=\"https:\/\/elms.sk\/wp-content\/uploads\/2023\/04\/5f0d0fe7-3741-4055-ad3c-8565f6fb2613-769x1024.jpg\" alt=\"\" class=\"wp-image-304\" srcset=\"https:\/\/elms.sk\/wp-content\/uploads\/2023\/04\/5f0d0fe7-3741-4055-ad3c-8565f6fb2613-769x1024.jpg 769w, https:\/\/elms.sk\/wp-content\/uploads\/2023\/04\/5f0d0fe7-3741-4055-ad3c-8565f6fb2613-225x300.jpg 225w, https:\/\/elms.sk\/wp-content\/uploads\/2023\/04\/5f0d0fe7-3741-4055-ad3c-8565f6fb2613-768x1023.jpg 768w, https:\/\/elms.sk\/wp-content\/uploads\/2023\/04\/5f0d0fe7-3741-4055-ad3c-8565f6fb2613-1153x1536.jpg 1153w, https:\/\/elms.sk\/wp-content\/uploads\/2023\/04\/5f0d0fe7-3741-4055-ad3c-8565f6fb2613-9x12.jpg 9w, https:\/\/elms.sk\/wp-content\/uploads\/2023\/04\/5f0d0fe7-3741-4055-ad3c-8565f6fb2613.jpg 1537w\" sizes=\"auto, (max-width: 769px) 100vw, 769px\" \/><\/a><\/figure>\n<\/figure>\n\n\n\n<figure class=\"wp-block-image size-large\"><img loading=\"lazy\" decoding=\"async\" width=\"566\" height=\"1024\" src=\"https:\/\/elms.sk\/wp-content\/uploads\/2023\/05\/20230426_103331-566x1024.jpg\" alt=\"\" class=\"wp-image-352\" srcset=\"https:\/\/elms.sk\/wp-content\/uploads\/2023\/05\/20230426_103331-566x1024.jpg 566w, https:\/\/elms.sk\/wp-content\/uploads\/2023\/05\/20230426_103331-166x300.jpg 166w, https:\/\/elms.sk\/wp-content\/uploads\/2023\/05\/20230426_103331-768x1389.jpg 768w, https:\/\/elms.sk\/wp-content\/uploads\/2023\/05\/20230426_103331-849x1536.jpg 849w, https:\/\/elms.sk\/wp-content\/uploads\/2023\/05\/20230426_103331-1132x2048.jpg 1132w, https:\/\/elms.sk\/wp-content\/uploads\/2023\/05\/20230426_103331-7x12.jpg 7w, https:\/\/elms.sk\/wp-content\/uploads\/2023\/05\/20230426_103331-scaled.jpg 1415w\" sizes=\"auto, (max-width: 566px) 100vw, 566px\" \/><\/figure>","protected":false},"excerpt":{"rendered":"<p>Jednou z&nbsp;na\u0161ich hlavn\u00fdch \u010dinnosti je v\u00fdroba rozv\u00e1dza\u010dov NN. Pon\u00fakame z\u00e1kazkov\u00fa v\u00fdrobu t\u00fdchto skup\u00edn rozv\u00e1dza\u010dov: Na [&hellip;]<\/p>","protected":false},"author":1,"featured_media":106,"parent":0,"menu_order":0,"comment_status":"closed","ping_status":"closed","template":"","meta":{"footnotes":""},"class_list":["post-21","page","type-page","status-publish","has-post-thumbnail","hentry"],"yoast_head":"<!-- This site is optimized with the Yoast SEO plugin v20.6 - https:\/\/yoast.com\/wordpress\/plugins\/seo\/ -->\n<title>V\u00fdroba rozv\u00e1dza\u010dov | elms<\/title>\n<meta name=\"description\" content=\"Popis v\u00fdroby rozv\u00e1dza\u0107ov, ktorej sa spolo\u010dnos\u0165 ELMS s.r.o. venuje u\u017e viac ne\u017e 10 rokov.\" \/>\n<meta name=\"robots\" content=\"index, follow, max-snippet:-1, max-image-preview:large, max-video-preview:-1\" \/>\n<link rel=\"canonical\" href=\"https:\/\/elms.sk\/en\/vyroba-rozvadzacov\/\" \/>\n<meta property=\"og:locale\" content=\"en_GB\" \/>\n<meta property=\"og:type\" content=\"article\" \/>\n<meta property=\"og:title\" content=\"V\u00fdroba rozv\u00e1dza\u010dov | elms\" \/>\n<meta property=\"og:description\" content=\"Popis v\u00fdroby rozv\u00e1dza\u0107ov, ktorej sa spolo\u010dnos\u0165 ELMS s.r.o. venuje u\u017e viac ne\u017e 10 rokov.\" \/>\n<meta property=\"og:url\" content=\"https:\/\/elms.sk\/en\/vyroba-rozvadzacov\/\" \/>\n<meta property=\"og:site_name\" content=\"elms\" \/>\n<meta property=\"article:publisher\" content=\"https:\/\/www.facebook.com\/profile.php?id=100054217821074\" \/>\n<meta property=\"article:modified_time\" content=\"2023-07-27T12:29:32+00:00\" \/>\n<meta property=\"og:image\" content=\"https:\/\/elms.sk\/wp-content\/uploads\/2023\/04\/20220503_090740-scaled.jpg\" \/>\n\t<meta property=\"og:image:width\" content=\"2560\" \/>\n\t<meta property=\"og:image:height\" content=\"1211\" \/>\n\t<meta property=\"og:image:type\" content=\"image\/jpeg\" \/>\n<meta name=\"twitter:card\" content=\"summary_large_image\" \/>\n<meta name=\"twitter:label1\" content=\"Estimated reading time\" \/>\n\t<meta name=\"twitter:data1\" content=\"3 minutes\" \/>\n<script type=\"application\/ld+json\" class=\"yoast-schema-graph\">{\"@context\":\"https:\/\/schema.org\",\"@graph\":[{\"@type\":\"WebPage\",\"@id\":\"https:\/\/elms.sk\/vyroba-rozvadzacov\/\",\"url\":\"https:\/\/elms.sk\/vyroba-rozvadzacov\/\",\"name\":\"V\u00fdroba rozv\u00e1dza\u010dov | elms\",\"isPartOf\":{\"@id\":\"https:\/\/elms.sk\/#website\"},\"datePublished\":\"2023-04-17T12:42:44+00:00\",\"dateModified\":\"2023-07-27T12:29:32+00:00\",\"description\":\"Popis v\u00fdroby rozv\u00e1dza\u0107ov, ktorej sa spolo\u010dnos\u0165 ELMS s.r.o. venuje u\u017e viac ne\u017e 10 rokov.\",\"breadcrumb\":{\"@id\":\"https:\/\/elms.sk\/vyroba-rozvadzacov\/#breadcrumb\"},\"inLanguage\":\"en-GB\",\"potentialAction\":[{\"@type\":\"ReadAction\",\"target\":[\"https:\/\/elms.sk\/vyroba-rozvadzacov\/\"]}]},{\"@type\":\"BreadcrumbList\",\"@id\":\"https:\/\/elms.sk\/vyroba-rozvadzacov\/#breadcrumb\",\"itemListElement\":[{\"@type\":\"ListItem\",\"position\":1,\"name\":\"Domovsk\u00e1 str\u00e1nka\",\"item\":\"https:\/\/elms.sk\/\"},{\"@type\":\"ListItem\",\"position\":2,\"name\":\"V\u00fdroba rozv\u00e1dza\u010dov\"}]},{\"@type\":\"WebSite\",\"@id\":\"https:\/\/elms.sk\/#website\",\"url\":\"https:\/\/elms.sk\/\",\"name\":\"Elms, s.r.o\",\"description\":\"L\u00edder v oblasti elektroin\u0161tal\u00e1cii v regi\u00f3ne\",\"publisher\":{\"@id\":\"https:\/\/elms.sk\/#organization\"},\"potentialAction\":[{\"@type\":\"SearchAction\",\"target\":{\"@type\":\"EntryPoint\",\"urlTemplate\":\"https:\/\/elms.sk\/?s={search_term_string}\"},\"query-input\":\"required name=search_term_string\"}],\"inLanguage\":\"en-GB\"},{\"@type\":\"Organization\",\"@id\":\"https:\/\/elms.sk\/#organization\",\"name\":\"Elms, s.r.o\",\"url\":\"https:\/\/elms.sk\/\",\"logo\":{\"@type\":\"ImageObject\",\"inLanguage\":\"en-GB\",\"@id\":\"https:\/\/elms.sk\/#\/schema\/logo\/image\/\",\"url\":\"https:\/\/elms.sk\/wp-content\/uploads\/2023\/04\/logo-adjusted.jpg\",\"contentUrl\":\"https:\/\/elms.sk\/wp-content\/uploads\/2023\/04\/logo-adjusted.jpg\",\"width\":699,\"height\":95,\"caption\":\"Elms, s.r.o\"},\"image\":{\"@id\":\"https:\/\/elms.sk\/#\/schema\/logo\/image\/\"},\"sameAs\":[\"https:\/\/www.facebook.com\/profile.php?id=100054217821074\"]}]}<\/script>\n<!-- \/ Yoast SEO plugin. -->","yoast_head_json":{"title":"V\u00fdroba rozv\u00e1dza\u010dov | elms","description":"Popis v\u00fdroby rozv\u00e1dza\u0107ov, ktorej sa spolo\u010dnos\u0165 ELMS s.r.o. venuje u\u017e viac ne\u017e 10 rokov.","robots":{"index":"index","follow":"follow","max-snippet":"max-snippet:-1","max-image-preview":"max-image-preview:large","max-video-preview":"max-video-preview:-1"},"canonical":"https:\/\/elms.sk\/en\/vyroba-rozvadzacov\/","og_locale":"en_GB","og_type":"article","og_title":"V\u00fdroba rozv\u00e1dza\u010dov | elms","og_description":"Popis v\u00fdroby rozv\u00e1dza\u0107ov, ktorej sa spolo\u010dnos\u0165 ELMS s.r.o. venuje u\u017e viac ne\u017e 10 rokov.","og_url":"https:\/\/elms.sk\/en\/vyroba-rozvadzacov\/","og_site_name":"elms","article_publisher":"https:\/\/www.facebook.com\/profile.php?id=100054217821074","article_modified_time":"2023-07-27T12:29:32+00:00","og_image":[{"width":2560,"height":1211,"url":"https:\/\/elms.sk\/wp-content\/uploads\/2023\/04\/20220503_090740-scaled.jpg","type":"image\/jpeg"}],"twitter_card":"summary_large_image","twitter_misc":{"Estimated reading time":"3 minutes"},"schema":{"@context":"https:\/\/schema.org","@graph":[{"@type":"WebPage","@id":"https:\/\/elms.sk\/vyroba-rozvadzacov\/","url":"https:\/\/elms.sk\/vyroba-rozvadzacov\/","name":"V\u00fdroba rozv\u00e1dza\u010dov | elms","isPartOf":{"@id":"https:\/\/elms.sk\/#website"},"datePublished":"2023-04-17T12:42:44+00:00","dateModified":"2023-07-27T12:29:32+00:00","description":"Popis v\u00fdroby rozv\u00e1dza\u0107ov, ktorej sa spolo\u010dnos\u0165 ELMS s.r.o. venuje u\u017e viac ne\u017e 10 rokov.","breadcrumb":{"@id":"https:\/\/elms.sk\/vyroba-rozvadzacov\/#breadcrumb"},"inLanguage":"en-GB","potentialAction":[{"@type":"ReadAction","target":["https:\/\/elms.sk\/vyroba-rozvadzacov\/"]}]},{"@type":"BreadcrumbList","@id":"https:\/\/elms.sk\/vyroba-rozvadzacov\/#breadcrumb","itemListElement":[{"@type":"ListItem","position":1,"name":"Domovsk\u00e1 str\u00e1nka","item":"https:\/\/elms.sk\/"},{"@type":"ListItem","position":2,"name":"V\u00fdroba rozv\u00e1dza\u010dov"}]},{"@type":"WebSite","@id":"https:\/\/elms.sk\/#website","url":"https:\/\/elms.sk\/","name":"Elms, s.r.o","description":"L\u00edder v oblasti elektroin\u0161tal\u00e1cii v regi\u00f3ne","publisher":{"@id":"https:\/\/elms.sk\/#organization"},"potentialAction":[{"@type":"SearchAction","target":{"@type":"EntryPoint","urlTemplate":"https:\/\/elms.sk\/?s={search_term_string}"},"query-input":"required name=search_term_string"}],"inLanguage":"en-GB"},{"@type":"Organization","@id":"https:\/\/elms.sk\/#organization","name":"Elms, s.r.o","url":"https:\/\/elms.sk\/","logo":{"@type":"ImageObject","inLanguage":"en-GB","@id":"https:\/\/elms.sk\/#\/schema\/logo\/image\/","url":"https:\/\/elms.sk\/wp-content\/uploads\/2023\/04\/logo-adjusted.jpg","contentUrl":"https:\/\/elms.sk\/wp-content\/uploads\/2023\/04\/logo-adjusted.jpg","width":699,"height":95,"caption":"Elms, s.r.o"},"image":{"@id":"https:\/\/elms.sk\/#\/schema\/logo\/image\/"},"sameAs":["https:\/\/www.facebook.com\/profile.php?id=100054217821074"]}]}},"_links":{"self":[{"href":"https:\/\/elms.sk\/en\/wp-json\/wp\/v2\/pages\/21","targetHints":{"allow":["GET"]}}],"collection":[{"href":"https:\/\/elms.sk\/en\/wp-json\/wp\/v2\/pages"}],"about":[{"href":"https:\/\/elms.sk\/en\/wp-json\/wp\/v2\/types\/page"}],"author":[{"embeddable":true,"href":"https:\/\/elms.sk\/en\/wp-json\/wp\/v2\/users\/1"}],"replies":[{"embeddable":true,"href":"https:\/\/elms.sk\/en\/wp-json\/wp\/v2\/comments?post=21"}],"version-history":[{"count":14,"href":"https:\/\/elms.sk\/en\/wp-json\/wp\/v2\/pages\/21\/revisions"}],"predecessor-version":[{"id":353,"href":"https:\/\/elms.sk\/en\/wp-json\/wp\/v2\/pages\/21\/revisions\/353"}],"wp:featuredmedia":[{"embeddable":true,"href":"https:\/\/elms.sk\/en\/wp-json\/wp\/v2\/media\/106"}],"wp:attachment":[{"href":"https:\/\/elms.sk\/en\/wp-json\/wp\/v2\/media?parent=21"}],"curies":[{"name":"wp","href":"https:\/\/api.w.org\/{rel}","templated":true}]}}