{"id":104,"date":"2023-04-19T20:00:22","date_gmt":"2023-04-19T18:00:22","guid":{"rendered":"http:\/\/elms.sk\/?page_id=104"},"modified":"2023-07-27T14:27:43","modified_gmt":"2023-07-27T12:27:43","slug":"o-nas","status":"publish","type":"page","link":"https:\/\/elms.sk\/en\/o-nas\/","title":{"rendered":"About us"},"content":{"rendered":"<div class=\"wp-block-group animated animated-fadeInUp is-vertical is-content-justification-left is-layout-flex wp-container-core-group-is-layout-80e9987e wp-block-group-is-layout-flex\" style=\"border-style:none;border-width:0px;padding-top:var(--wp--preset--spacing--50);padding-right:var(--wp--preset--spacing--50);padding-bottom:var(--wp--preset--spacing--50);padding-left:var(--wp--preset--spacing--50)\">\n<p>Our company was established in 2010 after we started the business in 2003. our main focus was electrical assembly work.<\/p>\n\n\n\n<p>In the middle of 2013, the company significantly changed its organizational structure with the intention of expanding services towards the complex realization of projects with the supply of material. The main goal was to reach out and establish cooperation with respectable and financially stable construction companies and investors in the region. The change brought us several interesting successful projects in the following years. Since 2023, the company has been based in new premises, and the production of LV switchboards has been added to the portfolio of offered services.<\/p>\n\n\n\n<p>Currently, ELMS, s.r.o. is one of the leaders in the field of electrical installations in the region.<\/p>\n\n\n\n<p>Our main philosophy is to deliver the work within the agreed deadline, maintaining the required quality at an acceptable price. We mainly achieve this by:<\/p>\n\n\n\n<ul class=\"wp-block-list\" style=\"margin-top:var(--wp--preset--spacing--30);margin-right:var(--wp--preset--spacing--30);margin-bottom:var(--wp--preset--spacing--30);margin-left:var(--wp--preset--spacing--30)\">\n<li>cost optimization, supply of quality elements from renowned suppliers<\/li>\n\n\n\n<li>individual approach to business partners and to our own employees<\/li>\n\n\n\n<li>years of experience of our executives<\/li>\n\n\n\n<li>regular professional training of our employees<\/li>\n\n\n\n<li>last but not least, payment of invoices for delivered services and material from our subcontractors on time<\/li>\n<\/ul>\n<\/div>","protected":false},"excerpt":{"rendered":"","protected":false},"author":1,"featured_media":149,"parent":0,"menu_order":3,"comment_status":"closed","ping_status":"closed","template":"","meta":{"footnotes":""},"class_list":["post-104","page","type-page","status-publish","has-post-thumbnail","hentry"],"yoast_head":"<!-- This site is optimized with the Yoast SEO plugin v20.6 - https:\/\/yoast.com\/wordpress\/plugins\/seo\/ -->\n<title>O n\u00e1s | elms<\/title>\n<meta name=\"description\" content=\"Inform\u00e1cie o spolo\u010dnosti ELMS s.r.o., ktor\u00e1 sa zaober\u00e1 elektroin\u0161tal\u00e1ciami na slovenskom aj \u010deskom trhu.\" \/>\n<meta name=\"robots\" content=\"index, follow, max-snippet:-1, max-image-preview:large, max-video-preview:-1\" \/>\n<link rel=\"canonical\" href=\"https:\/\/elms.sk\/en\/o-nas\/\" \/>\n<meta property=\"og:locale\" content=\"en_GB\" \/>\n<meta property=\"og:type\" content=\"article\" \/>\n<meta property=\"og:title\" content=\"O n\u00e1s | elms\" \/>\n<meta property=\"og:description\" content=\"Inform\u00e1cie o spolo\u010dnosti ELMS s.r.o., ktor\u00e1 sa zaober\u00e1 elektroin\u0161tal\u00e1ciami na slovenskom aj \u010deskom trhu.\" \/>\n<meta property=\"og:url\" content=\"https:\/\/elms.sk\/en\/o-nas\/\" \/>\n<meta property=\"og:site_name\" content=\"elms\" \/>\n<meta property=\"article:publisher\" content=\"https:\/\/www.facebook.com\/profile.php?id=100054217821074\" \/>\n<meta property=\"article:modified_time\" content=\"2023-07-27T12:27:43+00:00\" \/>\n<meta property=\"og:image\" content=\"https:\/\/elms.sk\/wp-content\/uploads\/2023\/04\/20230420_172548-scaled.jpg\" \/>\n\t<meta property=\"og:image:width\" content=\"2560\" \/>\n\t<meta property=\"og:image:height\" content=\"1211\" \/>\n\t<meta property=\"og:image:type\" content=\"image\/jpeg\" \/>\n<meta name=\"twitter:card\" content=\"summary_large_image\" \/>\n<script type=\"application\/ld+json\" class=\"yoast-schema-graph\">{\"@context\":\"https:\/\/schema.org\",\"@graph\":[{\"@type\":\"WebPage\",\"@id\":\"https:\/\/elms.sk\/o-nas\/\",\"url\":\"https:\/\/elms.sk\/o-nas\/\",\"name\":\"O n\u00e1s | elms\",\"isPartOf\":{\"@id\":\"https:\/\/elms.sk\/#website\"},\"datePublished\":\"2023-04-19T18:00:22+00:00\",\"dateModified\":\"2023-07-27T12:27:43+00:00\",\"description\":\"Inform\u00e1cie o spolo\u010dnosti ELMS s.r.o., ktor\u00e1 sa zaober\u00e1 elektroin\u0161tal\u00e1ciami na slovenskom aj \u010deskom trhu.\",\"breadcrumb\":{\"@id\":\"https:\/\/elms.sk\/o-nas\/#breadcrumb\"},\"inLanguage\":\"en-GB\",\"potentialAction\":[{\"@type\":\"ReadAction\",\"target\":[\"https:\/\/elms.sk\/o-nas\/\"]}]},{\"@type\":\"BreadcrumbList\",\"@id\":\"https:\/\/elms.sk\/o-nas\/#breadcrumb\",\"itemListElement\":[{\"@type\":\"ListItem\",\"position\":1,\"name\":\"Domovsk\u00e1 str\u00e1nka\",\"item\":\"https:\/\/elms.sk\/\"},{\"@type\":\"ListItem\",\"position\":2,\"name\":\"O n\u00e1s\"}]},{\"@type\":\"WebSite\",\"@id\":\"https:\/\/elms.sk\/#website\",\"url\":\"https:\/\/elms.sk\/\",\"name\":\"Elms, s.r.o\",\"description\":\"L\u00edder v oblasti elektroin\u0161tal\u00e1cii v regi\u00f3ne\",\"publisher\":{\"@id\":\"https:\/\/elms.sk\/#organization\"},\"potentialAction\":[{\"@type\":\"SearchAction\",\"target\":{\"@type\":\"EntryPoint\",\"urlTemplate\":\"https:\/\/elms.sk\/?s={search_term_string}\"},\"query-input\":\"required name=search_term_string\"}],\"inLanguage\":\"en-GB\"},{\"@type\":\"Organization\",\"@id\":\"https:\/\/elms.sk\/#organization\",\"name\":\"Elms, s.r.o\",\"url\":\"https:\/\/elms.sk\/\",\"logo\":{\"@type\":\"ImageObject\",\"inLanguage\":\"en-GB\",\"@id\":\"https:\/\/elms.sk\/#\/schema\/logo\/image\/\",\"url\":\"https:\/\/elms.sk\/wp-content\/uploads\/2023\/04\/logo-adjusted.jpg\",\"contentUrl\":\"https:\/\/elms.sk\/wp-content\/uploads\/2023\/04\/logo-adjusted.jpg\",\"width\":699,\"height\":95,\"caption\":\"Elms, s.r.o\"},\"image\":{\"@id\":\"https:\/\/elms.sk\/#\/schema\/logo\/image\/\"},\"sameAs\":[\"https:\/\/www.facebook.com\/profile.php?id=100054217821074\"]}]}<\/script>\n<!-- \/ Yoast SEO plugin. -->","yoast_head_json":{"title":"O n\u00e1s | elms","description":"Inform\u00e1cie o spolo\u010dnosti ELMS s.r.o., ktor\u00e1 sa zaober\u00e1 elektroin\u0161tal\u00e1ciami na slovenskom aj \u010deskom trhu.","robots":{"index":"index","follow":"follow","max-snippet":"max-snippet:-1","max-image-preview":"max-image-preview:large","max-video-preview":"max-video-preview:-1"},"canonical":"https:\/\/elms.sk\/en\/o-nas\/","og_locale":"en_GB","og_type":"article","og_title":"O n\u00e1s | elms","og_description":"Inform\u00e1cie o spolo\u010dnosti ELMS s.r.o., ktor\u00e1 sa zaober\u00e1 elektroin\u0161tal\u00e1ciami na slovenskom aj \u010deskom trhu.","og_url":"https:\/\/elms.sk\/en\/o-nas\/","og_site_name":"elms","article_publisher":"https:\/\/www.facebook.com\/profile.php?id=100054217821074","article_modified_time":"2023-07-27T12:27:43+00:00","og_image":[{"width":2560,"height":1211,"url":"https:\/\/elms.sk\/wp-content\/uploads\/2023\/04\/20230420_172548-scaled.jpg","type":"image\/jpeg"}],"twitter_card":"summary_large_image","schema":{"@context":"https:\/\/schema.org","@graph":[{"@type":"WebPage","@id":"https:\/\/elms.sk\/o-nas\/","url":"https:\/\/elms.sk\/o-nas\/","name":"O n\u00e1s | elms","isPartOf":{"@id":"https:\/\/elms.sk\/#website"},"datePublished":"2023-04-19T18:00:22+00:00","dateModified":"2023-07-27T12:27:43+00:00","description":"Inform\u00e1cie o spolo\u010dnosti ELMS s.r.o., ktor\u00e1 sa zaober\u00e1 elektroin\u0161tal\u00e1ciami na slovenskom aj \u010deskom trhu.","breadcrumb":{"@id":"https:\/\/elms.sk\/o-nas\/#breadcrumb"},"inLanguage":"en-GB","potentialAction":[{"@type":"ReadAction","target":["https:\/\/elms.sk\/o-nas\/"]}]},{"@type":"BreadcrumbList","@id":"https:\/\/elms.sk\/o-nas\/#breadcrumb","itemListElement":[{"@type":"ListItem","position":1,"name":"Domovsk\u00e1 str\u00e1nka","item":"https:\/\/elms.sk\/"},{"@type":"ListItem","position":2,"name":"O n\u00e1s"}]},{"@type":"WebSite","@id":"https:\/\/elms.sk\/#website","url":"https:\/\/elms.sk\/","name":"Elms, s.r.o","description":"L\u00edder v oblasti elektroin\u0161tal\u00e1cii v regi\u00f3ne","publisher":{"@id":"https:\/\/elms.sk\/#organization"},"potentialAction":[{"@type":"SearchAction","target":{"@type":"EntryPoint","urlTemplate":"https:\/\/elms.sk\/?s={search_term_string}"},"query-input":"required name=search_term_string"}],"inLanguage":"en-GB"},{"@type":"Organization","@id":"https:\/\/elms.sk\/#organization","name":"Elms, s.r.o","url":"https:\/\/elms.sk\/","logo":{"@type":"ImageObject","inLanguage":"en-GB","@id":"https:\/\/elms.sk\/#\/schema\/logo\/image\/","url":"https:\/\/elms.sk\/wp-content\/uploads\/2023\/04\/logo-adjusted.jpg","contentUrl":"https:\/\/elms.sk\/wp-content\/uploads\/2023\/04\/logo-adjusted.jpg","width":699,"height":95,"caption":"Elms, s.r.o"},"image":{"@id":"https:\/\/elms.sk\/#\/schema\/logo\/image\/"},"sameAs":["https:\/\/www.facebook.com\/profile.php?id=100054217821074"]}]}},"_links":{"self":[{"href":"https:\/\/elms.sk\/en\/wp-json\/wp\/v2\/pages\/104","targetHints":{"allow":["GET"]}}],"collection":[{"href":"https:\/\/elms.sk\/en\/wp-json\/wp\/v2\/pages"}],"about":[{"href":"https:\/\/elms.sk\/en\/wp-json\/wp\/v2\/types\/page"}],"author":[{"embeddable":true,"href":"https:\/\/elms.sk\/en\/wp-json\/wp\/v2\/users\/1"}],"replies":[{"embeddable":true,"href":"https:\/\/elms.sk\/en\/wp-json\/wp\/v2\/comments?post=104"}],"version-history":[{"count":4,"href":"https:\/\/elms.sk\/en\/wp-json\/wp\/v2\/pages\/104\/revisions"}],"predecessor-version":[{"id":116,"href":"https:\/\/elms.sk\/en\/wp-json\/wp\/v2\/pages\/104\/revisions\/116"}],"wp:featuredmedia":[{"embeddable":true,"href":"https:\/\/elms.sk\/en\/wp-json\/wp\/v2\/media\/149"}],"wp:attachment":[{"href":"https:\/\/elms.sk\/en\/wp-json\/wp\/v2\/media?parent=104"}],"curies":[{"name":"wp","href":"https:\/\/api.w.org\/{rel}","templated":true}]}}