{"id":132,"date":"2023-04-20T18:56:37","date_gmt":"2023-04-20T16:56:37","guid":{"rendered":"http:\/\/elms.sk\/?page_id=132"},"modified":"2023-07-27T14:22:59","modified_gmt":"2023-07-27T12:22:59","slug":"fotovoltika","status":"publish","type":"page","link":"http:\/\/elms.sk\/en\/fotovoltika\/","title":{"rendered":"Photovoltaics"},"content":{"rendered":"<div class=\"wp-block-group is-layout-constrained wp-block-group-is-layout-constrained\">\n<div class=\"wp-block-group is-vertical is-content-justification-left is-layout-flex wp-container-core-group-is-layout-80e9987e wp-block-group-is-layout-flex\" style=\"padding-top:var(--wp--preset--spacing--50);padding-right:var(--wp--preset--spacing--50);padding-bottom:var(--wp--preset--spacing--50);padding-left:var(--wp--preset--spacing--50)\">\n<p>One of the services we offer is the complete supply and installation of a photovoltaic power plant (PV system), otherwise known as a local source. We mainly deal with solutions where it makes economic and ecological sense - photovoltaics for companies. Our team of professionals is qualified and trained by the component supplier.<br><br>We are doing:<\/p>\n\n\n\n<ul class=\"wp-block-list\" style=\"margin-top:var(--wp--preset--spacing--30);margin-right:var(--wp--preset--spacing--30);margin-bottom:var(--wp--preset--spacing--30);margin-left:var(--wp--preset--spacing--30)\">\n<li>supply and installation of high-quality PV panels<\/li>\n\n\n\n<li>supply and installation of supporting structures for PV plants on flat and sloping roofs<\/li>\n\n\n\n<li>supply and installation of  AC and DC inverters,switchboards, batteries and optimizers<\/li>\n\n\n\n<li>electrical installation, wiring, testing and commissioning<\/li>\n\n\n\n<li>modification of lightning conductors in case of need<\/li>\n\n\n\n<li>revisions, maintenance and consulting<\/li>\n<\/ul>\n\n\n\n<p>During the assembly, we cooperate with the Viessmann company - a leading supplier of complete solutions in the field of photovoltaics. We prefer inverters from Huawei and Solax.<br><br>Main PV system benefits:<\/p>\n\n\n\n<ul class=\"wp-block-list\" style=\"margin-top:var(--wp--preset--spacing--30);margin-right:var(--wp--preset--spacing--30);margin-bottom:var(--wp--preset--spacing--30);margin-left:var(--wp--preset--spacing--30)\">\n<li>energy consumption reduction from the grid = lower energy bill<\/li>\n\n\n\n<li>ecology, solar energy is a renewable resource<\/li>\n\n\n\n<li>long-term property value increase<\/li>\n\n\n\n<li>ekologically and economically minded customer credit<\/li>\n<\/ul>\n\n\n\n\n<\/div>\n<\/div>\n\n\n\n<figure class=\"wp-block-gallery has-nested-images columns-3 is-cropped wp-block-gallery-1 is-layout-flex wp-block-gallery-is-layout-flex\">\n<figure class=\"wp-block-image size-large\"><a href=\"https:\/\/elms.sk\/wp-content\/uploads\/2023\/04\/Nanokon-FVE-1-scaled.jpg\"><img loading=\"lazy\" decoding=\"async\" width=\"1024\" height=\"768\" data-id=\"298\" src=\"https:\/\/elms.sk\/wp-content\/uploads\/2023\/04\/Nanokon-FVE-1-1024x768.jpg\" alt=\"\" class=\"wp-image-298\" srcset=\"https:\/\/elms.sk\/wp-content\/uploads\/2023\/04\/Nanokon-FVE-1-1024x768.jpg 1024w, https:\/\/elms.sk\/wp-content\/uploads\/2023\/04\/Nanokon-FVE-1-300x225.jpg 300w, https:\/\/elms.sk\/wp-content\/uploads\/2023\/04\/Nanokon-FVE-1-768x576.jpg 768w, https:\/\/elms.sk\/wp-content\/uploads\/2023\/04\/Nanokon-FVE-1-1536x1152.jpg 1536w, https:\/\/elms.sk\/wp-content\/uploads\/2023\/04\/Nanokon-FVE-1-2048x1536.jpg 2048w, https:\/\/elms.sk\/wp-content\/uploads\/2023\/04\/Nanokon-FVE-1-16x12.jpg 16w\" sizes=\"auto, (max-width: 1024px) 100vw, 1024px\" \/><\/a><\/figure>\n\n\n\n<figure class=\"wp-block-image size-large\"><a href=\"https:\/\/elms.sk\/wp-content\/uploads\/2023\/04\/FVE-10-kWp-scaled.jpg\"><img loading=\"lazy\" decoding=\"async\" width=\"1024\" height=\"485\" data-id=\"297\" src=\"https:\/\/elms.sk\/wp-content\/uploads\/2023\/04\/FVE-10-kWp-1024x485.jpg\" alt=\"\" class=\"wp-image-297\" srcset=\"https:\/\/elms.sk\/wp-content\/uploads\/2023\/04\/FVE-10-kWp-1024x485.jpg 1024w, https:\/\/elms.sk\/wp-content\/uploads\/2023\/04\/FVE-10-kWp-300x142.jpg 300w, https:\/\/elms.sk\/wp-content\/uploads\/2023\/04\/FVE-10-kWp-768x363.jpg 768w, https:\/\/elms.sk\/wp-content\/uploads\/2023\/04\/FVE-10-kWp-1536x727.jpg 1536w, https:\/\/elms.sk\/wp-content\/uploads\/2023\/04\/FVE-10-kWp-2048x969.jpg 2048w, https:\/\/elms.sk\/wp-content\/uploads\/2023\/04\/FVE-10-kWp-18x9.jpg 18w\" sizes=\"auto, (max-width: 1024px) 100vw, 1024px\" \/><\/a><\/figure>\n\n\n\n<figure class=\"wp-block-image size-large\"><a href=\"https:\/\/elms.sk\/wp-content\/uploads\/2023\/04\/20230420_150405-scaled.jpg\"><img loading=\"lazy\" decoding=\"async\" width=\"485\" height=\"1024\" data-id=\"296\" src=\"https:\/\/elms.sk\/wp-content\/uploads\/2023\/04\/20230420_150405-485x1024.jpg\" alt=\"\" class=\"wp-image-296\" srcset=\"https:\/\/elms.sk\/wp-content\/uploads\/2023\/04\/20230420_150405-485x1024.jpg 485w, https:\/\/elms.sk\/wp-content\/uploads\/2023\/04\/20230420_150405-142x300.jpg 142w, https:\/\/elms.sk\/wp-content\/uploads\/2023\/04\/20230420_150405-768x1623.jpg 768w, https:\/\/elms.sk\/wp-content\/uploads\/2023\/04\/20230420_150405-727x1536.jpg 727w, https:\/\/elms.sk\/wp-content\/uploads\/2023\/04\/20230420_150405-969x2048.jpg 969w, https:\/\/elms.sk\/wp-content\/uploads\/2023\/04\/20230420_150405-6x12.jpg 6w, https:\/\/elms.sk\/wp-content\/uploads\/2023\/04\/20230420_150405-scaled.jpg 1211w\" sizes=\"auto, (max-width: 485px) 100vw, 485px\" \/><\/a><\/figure>\n<\/figure>","protected":false},"excerpt":{"rendered":"<p>Jednou z \u010dinnost\u00ed, ktorou sa zaober\u00e1me je kompletn\u00e1 dod\u00e1vka a&nbsp;mont\u00e1\u017e fotovoltickej elektr\u00e1rne (FVE) inak naz\u00fdvanej [&hellip;]<\/p>","protected":false},"author":1,"featured_media":147,"parent":0,"menu_order":2,"comment_status":"closed","ping_status":"closed","template":"","meta":{"footnotes":""},"class_list":["post-132","page","type-page","status-publish","has-post-thumbnail","hentry"],"yoast_head":"<!-- This site is optimized with the Yoast SEO plugin v20.6 - https:\/\/yoast.com\/wordpress\/plugins\/seo\/ -->\n<title>Fotovoltika | elms<\/title>\n<meta name=\"description\" content=\"Fotovoltika, fotovoltaika, fotovoltick\u00e1 elektr\u00e1re\u0148, fotovoltaick\u00e1 elektr\u00e1re\u0148, elektrika zo slnka, fotovoltick\u00e9 panely\" \/>\n<meta name=\"robots\" content=\"index, follow, max-snippet:-1, max-image-preview:large, max-video-preview:-1\" \/>\n<link rel=\"canonical\" href=\"http:\/\/elms.sk\/en\/fotovoltika\/\" \/>\n<meta property=\"og:locale\" content=\"en_GB\" \/>\n<meta property=\"og:type\" content=\"article\" \/>\n<meta property=\"og:title\" content=\"Fotovoltika | elms\" \/>\n<meta property=\"og:description\" content=\"Fotovoltika, fotovoltaika, fotovoltick\u00e1 elektr\u00e1re\u0148, fotovoltaick\u00e1 elektr\u00e1re\u0148, elektrika zo slnka, fotovoltick\u00e9 panely\" \/>\n<meta property=\"og:url\" content=\"http:\/\/elms.sk\/en\/fotovoltika\/\" \/>\n<meta property=\"og:site_name\" content=\"elms\" \/>\n<meta property=\"article:publisher\" content=\"https:\/\/www.facebook.com\/profile.php?id=100054217821074\" \/>\n<meta property=\"article:modified_time\" content=\"2023-07-27T12:22:59+00:00\" \/>\n<meta property=\"og:image\" content=\"https:\/\/elms.sk\/wp-content\/uploads\/2023\/04\/FVE-40kWp-scaled.jpg\" \/>\n\t<meta property=\"og:image:width\" content=\"2560\" \/>\n\t<meta property=\"og:image:height\" content=\"1211\" \/>\n\t<meta property=\"og:image:type\" content=\"image\/jpeg\" \/>\n<meta name=\"twitter:card\" content=\"summary_large_image\" \/>\n<meta name=\"twitter:label1\" content=\"Estimated reading time\" \/>\n\t<meta name=\"twitter:data1\" content=\"2 minutes\" \/>\n<script type=\"application\/ld+json\" class=\"yoast-schema-graph\">{\"@context\":\"https:\/\/schema.org\",\"@graph\":[{\"@type\":\"WebPage\",\"@id\":\"https:\/\/elms.sk\/fotovoltika\/\",\"url\":\"https:\/\/elms.sk\/fotovoltika\/\",\"name\":\"Fotovoltika | elms\",\"isPartOf\":{\"@id\":\"https:\/\/elms.sk\/#website\"},\"datePublished\":\"2023-04-20T16:56:37+00:00\",\"dateModified\":\"2023-07-27T12:22:59+00:00\",\"description\":\"Fotovoltika, fotovoltaika, fotovoltick\u00e1 elektr\u00e1re\u0148, fotovoltaick\u00e1 elektr\u00e1re\u0148, elektrika zo slnka, fotovoltick\u00e9 panely\",\"breadcrumb\":{\"@id\":\"https:\/\/elms.sk\/fotovoltika\/#breadcrumb\"},\"inLanguage\":\"en-GB\",\"potentialAction\":[{\"@type\":\"ReadAction\",\"target\":[\"https:\/\/elms.sk\/fotovoltika\/\"]}]},{\"@type\":\"BreadcrumbList\",\"@id\":\"https:\/\/elms.sk\/fotovoltika\/#breadcrumb\",\"itemListElement\":[{\"@type\":\"ListItem\",\"position\":1,\"name\":\"Domovsk\u00e1 str\u00e1nka\",\"item\":\"https:\/\/elms.sk\/\"},{\"@type\":\"ListItem\",\"position\":2,\"name\":\"Fotovoltika\"}]},{\"@type\":\"WebSite\",\"@id\":\"https:\/\/elms.sk\/#website\",\"url\":\"https:\/\/elms.sk\/\",\"name\":\"Elms, s.r.o\",\"description\":\"L\u00edder v oblasti elektroin\u0161tal\u00e1cii v regi\u00f3ne\",\"publisher\":{\"@id\":\"https:\/\/elms.sk\/#organization\"},\"potentialAction\":[{\"@type\":\"SearchAction\",\"target\":{\"@type\":\"EntryPoint\",\"urlTemplate\":\"https:\/\/elms.sk\/?s={search_term_string}\"},\"query-input\":\"required name=search_term_string\"}],\"inLanguage\":\"en-GB\"},{\"@type\":\"Organization\",\"@id\":\"https:\/\/elms.sk\/#organization\",\"name\":\"Elms, s.r.o\",\"url\":\"https:\/\/elms.sk\/\",\"logo\":{\"@type\":\"ImageObject\",\"inLanguage\":\"en-GB\",\"@id\":\"https:\/\/elms.sk\/#\/schema\/logo\/image\/\",\"url\":\"https:\/\/elms.sk\/wp-content\/uploads\/2023\/04\/logo-adjusted.jpg\",\"contentUrl\":\"https:\/\/elms.sk\/wp-content\/uploads\/2023\/04\/logo-adjusted.jpg\",\"width\":699,\"height\":95,\"caption\":\"Elms, s.r.o\"},\"image\":{\"@id\":\"https:\/\/elms.sk\/#\/schema\/logo\/image\/\"},\"sameAs\":[\"https:\/\/www.facebook.com\/profile.php?id=100054217821074\"]}]}<\/script>\n<!-- \/ Yoast SEO plugin. -->","yoast_head_json":{"title":"Fotovoltika | elms","description":"Fotovoltika, fotovoltaika, fotovoltick\u00e1 elektr\u00e1re\u0148, fotovoltaick\u00e1 elektr\u00e1re\u0148, elektrika zo slnka, fotovoltick\u00e9 panely","robots":{"index":"index","follow":"follow","max-snippet":"max-snippet:-1","max-image-preview":"max-image-preview:large","max-video-preview":"max-video-preview:-1"},"canonical":"http:\/\/elms.sk\/en\/fotovoltika\/","og_locale":"en_GB","og_type":"article","og_title":"Fotovoltika | elms","og_description":"Fotovoltika, fotovoltaika, fotovoltick\u00e1 elektr\u00e1re\u0148, fotovoltaick\u00e1 elektr\u00e1re\u0148, elektrika zo slnka, fotovoltick\u00e9 panely","og_url":"http:\/\/elms.sk\/en\/fotovoltika\/","og_site_name":"elms","article_publisher":"https:\/\/www.facebook.com\/profile.php?id=100054217821074","article_modified_time":"2023-07-27T12:22:59+00:00","og_image":[{"width":2560,"height":1211,"url":"https:\/\/elms.sk\/wp-content\/uploads\/2023\/04\/FVE-40kWp-scaled.jpg","type":"image\/jpeg"}],"twitter_card":"summary_large_image","twitter_misc":{"Estimated reading time":"2 minutes"},"schema":{"@context":"https:\/\/schema.org","@graph":[{"@type":"WebPage","@id":"https:\/\/elms.sk\/fotovoltika\/","url":"https:\/\/elms.sk\/fotovoltika\/","name":"Fotovoltika | elms","isPartOf":{"@id":"https:\/\/elms.sk\/#website"},"datePublished":"2023-04-20T16:56:37+00:00","dateModified":"2023-07-27T12:22:59+00:00","description":"Fotovoltika, fotovoltaika, fotovoltick\u00e1 elektr\u00e1re\u0148, fotovoltaick\u00e1 elektr\u00e1re\u0148, elektrika zo slnka, fotovoltick\u00e9 panely","breadcrumb":{"@id":"https:\/\/elms.sk\/fotovoltika\/#breadcrumb"},"inLanguage":"en-GB","potentialAction":[{"@type":"ReadAction","target":["https:\/\/elms.sk\/fotovoltika\/"]}]},{"@type":"BreadcrumbList","@id":"https:\/\/elms.sk\/fotovoltika\/#breadcrumb","itemListElement":[{"@type":"ListItem","position":1,"name":"Domovsk\u00e1 str\u00e1nka","item":"https:\/\/elms.sk\/"},{"@type":"ListItem","position":2,"name":"Fotovoltika"}]},{"@type":"WebSite","@id":"https:\/\/elms.sk\/#website","url":"https:\/\/elms.sk\/","name":"Elms, s.r.o","description":"L\u00edder v oblasti elektroin\u0161tal\u00e1cii v regi\u00f3ne","publisher":{"@id":"https:\/\/elms.sk\/#organization"},"potentialAction":[{"@type":"SearchAction","target":{"@type":"EntryPoint","urlTemplate":"https:\/\/elms.sk\/?s={search_term_string}"},"query-input":"required name=search_term_string"}],"inLanguage":"en-GB"},{"@type":"Organization","@id":"https:\/\/elms.sk\/#organization","name":"Elms, s.r.o","url":"https:\/\/elms.sk\/","logo":{"@type":"ImageObject","inLanguage":"en-GB","@id":"https:\/\/elms.sk\/#\/schema\/logo\/image\/","url":"https:\/\/elms.sk\/wp-content\/uploads\/2023\/04\/logo-adjusted.jpg","contentUrl":"https:\/\/elms.sk\/wp-content\/uploads\/2023\/04\/logo-adjusted.jpg","width":699,"height":95,"caption":"Elms, s.r.o"},"image":{"@id":"https:\/\/elms.sk\/#\/schema\/logo\/image\/"},"sameAs":["https:\/\/www.facebook.com\/profile.php?id=100054217821074"]}]}},"_links":{"self":[{"href":"http:\/\/elms.sk\/en\/wp-json\/wp\/v2\/pages\/132","targetHints":{"allow":["GET"]}}],"collection":[{"href":"http:\/\/elms.sk\/en\/wp-json\/wp\/v2\/pages"}],"about":[{"href":"http:\/\/elms.sk\/en\/wp-json\/wp\/v2\/types\/page"}],"author":[{"embeddable":true,"href":"http:\/\/elms.sk\/en\/wp-json\/wp\/v2\/users\/1"}],"replies":[{"embeddable":true,"href":"http:\/\/elms.sk\/en\/wp-json\/wp\/v2\/comments?post=132"}],"version-history":[{"count":12,"href":"http:\/\/elms.sk\/en\/wp-json\/wp\/v2\/pages\/132\/revisions"}],"predecessor-version":[{"id":313,"href":"http:\/\/elms.sk\/en\/wp-json\/wp\/v2\/pages\/132\/revisions\/313"}],"wp:featuredmedia":[{"embeddable":true,"href":"http:\/\/elms.sk\/en\/wp-json\/wp\/v2\/media\/147"}],"wp:attachment":[{"href":"http:\/\/elms.sk\/en\/wp-json\/wp\/v2\/media?parent=132"}],"curies":[{"name":"wp","href":"https:\/\/api.w.org\/{rel}","templated":true}]}}